{"id":66,"date":"2018-09-28T08:06:39","date_gmt":"2018-09-28T11:06:39","guid":{"rendered":"http:\/\/gamen.cl\/sitio\/?page_id=66"},"modified":"2018-09-30T21:45:30","modified_gmt":"2018-10-01T00:45:30","slug":"mantenimiento-industrial","status":"publish","type":"page","link":"http:\/\/gamen.cl\/sitio\/mantenimiento-industrial\/","title":{"rendered":"Mantenimiento industrial"},"content":{"rendered":"<p>La Gesti\u00f3n moderna de la Mantenci\u00f3n trata del manejo eficiente del recurso, humano, financiero y materiales, para lograr el gran objetivo t\u00e9cnico de generar la disponibilidad y confiabilidad requerida de los equipos para el proceso productivo de la planta, al menor costo posible, en forma segura y eficiente.<\/p>\n<p>&nbsp;<\/p>\n<p><img loading=\"lazy\" decoding=\"async\" class=\"alignnone wp-image-133 \" src=\"http:\/\/gamen.cl\/sitio\/wp-content\/uploads\/2018\/09\/c42936e2-43cb-42db-9aba-914539df16a4-1.jpg\" alt=\"\" width=\"670\" height=\"503\" srcset=\"http:\/\/gamen.cl\/sitio\/wp-content\/uploads\/2018\/09\/c42936e2-43cb-42db-9aba-914539df16a4-1.jpg 1280w, http:\/\/gamen.cl\/sitio\/wp-content\/uploads\/2018\/09\/c42936e2-43cb-42db-9aba-914539df16a4-1-768x576.jpg 768w, http:\/\/gamen.cl\/sitio\/wp-content\/uploads\/2018\/09\/c42936e2-43cb-42db-9aba-914539df16a4-1-100x75.jpg 100w, http:\/\/gamen.cl\/sitio\/wp-content\/uploads\/2018\/09\/c42936e2-43cb-42db-9aba-914539df16a4-1-230x172.jpg 230w\" sizes=\"auto, (max-width: 670px) 100vw, 670px\" \/><\/p>\n<p><img loading=\"lazy\" decoding=\"async\" class=\"alignnone wp-image-135 size-full\" src=\"http:\/\/gamen.cl\/sitio\/wp-content\/uploads\/2018\/09\/173a8623-aef7-41e8-a53c-ce897d1fa070-1.jpg\" alt=\"\" width=\"622\" height=\"1280\" srcset=\"http:\/\/gamen.cl\/sitio\/wp-content\/uploads\/2018\/09\/173a8623-aef7-41e8-a53c-ce897d1fa070-1.jpg 622w, http:\/\/gamen.cl\/sitio\/wp-content\/uploads\/2018\/09\/173a8623-aef7-41e8-a53c-ce897d1fa070-1-768x1580.jpg 768w, http:\/\/gamen.cl\/sitio\/wp-content\/uploads\/2018\/09\/173a8623-aef7-41e8-a53c-ce897d1fa070-1-100x205.jpg 100w, http:\/\/gamen.cl\/sitio\/wp-content\/uploads\/2018\/09\/173a8623-aef7-41e8-a53c-ce897d1fa070-1-230x473.jpg 230w\" sizes=\"auto, (max-width: 622px) 100vw, 622px\" \/><\/p>\n","protected":false},"excerpt":{"rendered":"<p>La Gesti\u00f3n moderna de la Mantenci\u00f3n trata del manejo eficiente del recurso, humano, financiero y materiales, para lograr el gran objetivo t\u00e9cnico de generar la disponibilidad y confiabilidad requerida de los equipos para el proceso productivo de la planta, al menor costo posible, en forma segura y eficiente. &nbsp;<\/p>\n","protected":false},"author":1,"featured_media":0,"parent":0,"menu_order":0,"comment_status":"closed","ping_status":"closed","template":"","meta":{"footnotes":""},"class_list":["post-66","page","type-page","status-publish","hentry"],"_links":{"self":[{"href":"http:\/\/gamen.cl\/sitio\/wp-json\/wp\/v2\/pages\/66","targetHints":{"allow":["GET"]}}],"collection":[{"href":"http:\/\/gamen.cl\/sitio\/wp-json\/wp\/v2\/pages"}],"about":[{"href":"http:\/\/gamen.cl\/sitio\/wp-json\/wp\/v2\/types\/page"}],"author":[{"embeddable":true,"href":"http:\/\/gamen.cl\/sitio\/wp-json\/wp\/v2\/users\/1"}],"replies":[{"embeddable":true,"href":"http:\/\/gamen.cl\/sitio\/wp-json\/wp\/v2\/comments?post=66"}],"version-history":[{"count":4,"href":"http:\/\/gamen.cl\/sitio\/wp-json\/wp\/v2\/pages\/66\/revisions"}],"predecessor-version":[{"id":206,"href":"http:\/\/gamen.cl\/sitio\/wp-json\/wp\/v2\/pages\/66\/revisions\/206"}],"wp:attachment":[{"href":"http:\/\/gamen.cl\/sitio\/wp-json\/wp\/v2\/media?parent=66"}],"curies":[{"name":"wp","href":"https:\/\/api.w.org\/{rel}","templated":true}]}}