{"id":57,"date":"2018-09-28T07:58:30","date_gmt":"2018-09-28T10:58:30","guid":{"rendered":"http:\/\/gamen.cl\/sitio\/?page_id=57"},"modified":"2018-09-30T21:42:17","modified_gmt":"2018-10-01T00:42:17","slug":"fabricacion-de-equipos","status":"publish","type":"page","link":"https:\/\/gamen.cl\/sitio\/fabricacion-de-equipos\/","title":{"rendered":"Fabricaci\u00f3n de equipos"},"content":{"rendered":"<p>Contamos con un \u00e1rea de dise\u00f1o y dibujo en 2D y 3D con la cual podemos especificar y dise\u00f1ar equipos a la medida de las necesidades de nuestros clientes. La fabricaci\u00f3n de estos equipos la realizamos en nuestro taller donde se utilizan procesos de corte y plegado, soldadura TIG, MIG y arco manual y procesos metal mec\u00e1nicos en general en aceros al carbono y aceros inoxidables. Contamos con soldadores calificados para distintos procesos, y equipos de la m\u00e1s alta calidad, ya que somos representantes de marcas en la zona\u00a0 que garantizan una tecnolog\u00eda de ultima generaci\u00f3n.<\/p>\n<p>&nbsp;<\/p>\n<p><img loading=\"lazy\" decoding=\"async\" class=\"alignnone size-medium wp-image-118\" src=\"http:\/\/gamen.cl\/sitio\/wp-content\/uploads\/2018\/09\/20170920_181821-Copiar-300x300.jpg\" alt=\"\" width=\"300\" height=\"300\" srcset=\"https:\/\/gamen.cl\/sitio\/wp-content\/uploads\/2018\/09\/20170920_181821-Copiar-300x300.jpg 300w, https:\/\/gamen.cl\/sitio\/wp-content\/uploads\/2018\/09\/20170920_181821-Copiar-150x150.jpg 150w, https:\/\/gamen.cl\/sitio\/wp-content\/uploads\/2018\/09\/20170920_181821-Copiar-1024x1024.jpg 1024w\" sizes=\"auto, (max-width: 300px) 100vw, 300px\" \/> <img loading=\"lazy\" decoding=\"async\" class=\"alignnone size-medium wp-image-123\" src=\"http:\/\/gamen.cl\/sitio\/wp-content\/uploads\/2018\/09\/966b0fab-2603-4bb0-a63a-c8af8e213acf-300x300.jpg\" alt=\"\" width=\"300\" height=\"300\" srcset=\"https:\/\/gamen.cl\/sitio\/wp-content\/uploads\/2018\/09\/966b0fab-2603-4bb0-a63a-c8af8e213acf-300x300.jpg 300w, https:\/\/gamen.cl\/sitio\/wp-content\/uploads\/2018\/09\/966b0fab-2603-4bb0-a63a-c8af8e213acf-150x150.jpg 150w, https:\/\/gamen.cl\/sitio\/wp-content\/uploads\/2018\/09\/966b0fab-2603-4bb0-a63a-c8af8e213acf-1024x1024.jpg 1024w\" sizes=\"auto, (max-width: 300px) 100vw, 300px\" \/> <img loading=\"lazy\" decoding=\"async\" class=\"alignnone size-medium wp-image-151\" src=\"http:\/\/gamen.cl\/sitio\/wp-content\/uploads\/2018\/09\/20180104_172556-Copiar-300x300.jpg\" alt=\"\" width=\"300\" height=\"300\" srcset=\"https:\/\/gamen.cl\/sitio\/wp-content\/uploads\/2018\/09\/20180104_172556-Copiar-300x300.jpg 300w, https:\/\/gamen.cl\/sitio\/wp-content\/uploads\/2018\/09\/20180104_172556-Copiar-150x150.jpg 150w, https:\/\/gamen.cl\/sitio\/wp-content\/uploads\/2018\/09\/20180104_172556-Copiar-1024x1024.jpg 1024w\" sizes=\"auto, (max-width: 300px) 100vw, 300px\" \/><\/p>\n<p>&nbsp;<\/p>\n","protected":false},"excerpt":{"rendered":"<p>Contamos con un \u00e1rea de dise\u00f1o y dibujo en 2D y 3D con la cual podemos especificar y dise\u00f1ar equipos a la medida de las necesidades de nuestros clientes. La fabricaci\u00f3n de estos equipos la realizamos en nuestro taller donde se utilizan procesos de corte y plegado, soldadura TIG, MIG y arco manual y procesos metal mec\u00e1nicos en general en aceros al carbono y aceros inoxidables. Contamos con soldadores calificados para distintos procesos, y equipos de la m\u00e1s alta calidad, ya que somos representantes de marcas en la zona\u00a0 que garantizan una tecnolog\u00eda de ultima generaci\u00f3n. &nbsp; &nbsp;<\/p>\n","protected":false},"author":1,"featured_media":0,"parent":0,"menu_order":0,"comment_status":"closed","ping_status":"closed","template":"","meta":{"footnotes":""},"class_list":["post-57","page","type-page","status-publish","hentry"],"_links":{"self":[{"href":"https:\/\/gamen.cl\/sitio\/wp-json\/wp\/v2\/pages\/57","targetHints":{"allow":["GET"]}}],"collection":[{"href":"https:\/\/gamen.cl\/sitio\/wp-json\/wp\/v2\/pages"}],"about":[{"href":"https:\/\/gamen.cl\/sitio\/wp-json\/wp\/v2\/types\/page"}],"author":[{"embeddable":true,"href":"https:\/\/gamen.cl\/sitio\/wp-json\/wp\/v2\/users\/1"}],"replies":[{"embeddable":true,"href":"https:\/\/gamen.cl\/sitio\/wp-json\/wp\/v2\/comments?post=57"}],"version-history":[{"count":17,"href":"https:\/\/gamen.cl\/sitio\/wp-json\/wp\/v2\/pages\/57\/revisions"}],"predecessor-version":[{"id":204,"href":"https:\/\/gamen.cl\/sitio\/wp-json\/wp\/v2\/pages\/57\/revisions\/204"}],"wp:attachment":[{"href":"https:\/\/gamen.cl\/sitio\/wp-json\/wp\/v2\/media?parent=57"}],"curies":[{"name":"wp","href":"https:\/\/api.w.org\/{rel}","templated":true}]}}