{"id":60,"date":"2018-09-28T08:01:39","date_gmt":"2018-09-28T11:01:39","guid":{"rendered":"http:\/\/gamen.cl\/sitio\/?page_id=60"},"modified":"2022-07-27T12:31:46","modified_gmt":"2022-07-27T15:31:46","slug":"corte-y-plegado","status":"publish","type":"page","link":"https:\/\/gamen.cl\/sitio\/corte-y-plegado\/","title":{"rendered":"Corte y plegado"},"content":{"rendered":"<p>GAMEN LIMITADA tambi\u00e9n presta servicios metalmec\u00e1nicos de corte y plegado de planchas met\u00e1licas de hasta 10 mm de espesor, corte computarizado CNC , Corte l\u00e1ser CNC y cilindrado de planchas met\u00e1licas y macizos.<\/p>\n<p>&nbsp;<\/p>\n<p>&nbsp;<\/p>\n\n\t\t<style type=\"text\/css\">\n\t\t\t#gallery-1 {\n\t\t\t\tmargin: auto;\n\t\t\t}\n\t\t\t#gallery-1 .gallery-item {\n\t\t\t\tfloat: left;\n\t\t\t\tmargin-top: 10px;\n\t\t\t\ttext-align: center;\n\t\t\t\twidth: 33%;\n\t\t\t}\n\t\t\t#gallery-1 img {\n\t\t\t\tborder: 2px solid #cfcfcf;\n\t\t\t}\n\t\t\t#gallery-1 .gallery-caption {\n\t\t\t\tmargin-left: 0;\n\t\t\t}\n\t\t\t\/* see gallery_shortcode() in wp-includes\/media.php *\/\n\t\t<\/style>\n\t\t<div id='gallery-1' class='gallery galleryid-60 gallery-columns-3 gallery-size-thumbnail'><dl class='gallery-item'>\n\t\t\t<dt class='gallery-icon landscape'>\n\t\t\t\t<a href='https:\/\/gamen.cl\/sitio\/corte-y-plegado\/corte-laser\/'><img loading=\"lazy\" decoding=\"async\" width=\"150\" height=\"150\" src=\"https:\/\/gamen.cl\/sitio\/wp-content\/uploads\/2022\/07\/corte-laser-150x150.jpg\" class=\"attachment-thumbnail size-thumbnail\" alt=\"\" aria-describedby=\"gallery-1-244\" srcset=\"https:\/\/gamen.cl\/sitio\/wp-content\/uploads\/2022\/07\/corte-laser-150x150.jpg 150w, https:\/\/gamen.cl\/sitio\/wp-content\/uploads\/2022\/07\/corte-laser-300x300.jpg 300w, https:\/\/gamen.cl\/sitio\/wp-content\/uploads\/2022\/07\/corte-laser-1024x1024.jpg 1024w\" sizes=\"auto, (max-width: 150px) 100vw, 150px\" \/><\/a>\n\t\t\t<\/dt>\n\t\t\t\t<dd class='wp-caption-text gallery-caption' id='gallery-1-244'>\n\t\t\t\tCortadora L\u00e1ser CNC \n\t\t\t\t<\/dd><\/dl><dl class='gallery-item'>\n\t\t\t<dt class='gallery-icon landscape'>\n\t\t\t\t<a href='https:\/\/gamen.cl\/sitio\/corte-y-plegado\/20220718_194308\/'><img loading=\"lazy\" decoding=\"async\" width=\"150\" height=\"150\" src=\"https:\/\/gamen.cl\/sitio\/wp-content\/uploads\/2022\/07\/20220718_194308-150x150.jpg\" class=\"attachment-thumbnail size-thumbnail\" alt=\"\" aria-describedby=\"gallery-1-234\" srcset=\"https:\/\/gamen.cl\/sitio\/wp-content\/uploads\/2022\/07\/20220718_194308-150x150.jpg 150w, https:\/\/gamen.cl\/sitio\/wp-content\/uploads\/2022\/07\/20220718_194308-300x300.jpg 300w, https:\/\/gamen.cl\/sitio\/wp-content\/uploads\/2022\/07\/20220718_194308-1024x1024.jpg 1024w\" sizes=\"auto, (max-width: 150px) 100vw, 150px\" \/><\/a>\n\t\t\t<\/dt>\n\t\t\t\t<dd class='wp-caption-text gallery-caption' id='gallery-1-234'>\n\t\t\t\tPieza Corte Laser \n\t\t\t\t<\/dd><\/dl><dl class='gallery-item'>\n\t\t\t<dt class='gallery-icon landscape'>\n\t\t\t\t<a href='https:\/\/gamen.cl\/sitio\/galeria\/2a86b343-9269-45ce-9b43-54dba0128ff1\/'><img loading=\"lazy\" decoding=\"async\" width=\"150\" height=\"150\" src=\"https:\/\/gamen.cl\/sitio\/wp-content\/uploads\/2022\/07\/2a86b343-9269-45ce-9b43-54dba0128ff1-150x150.jpg\" class=\"attachment-thumbnail size-thumbnail\" alt=\"\" aria-describedby=\"gallery-1-252\" srcset=\"https:\/\/gamen.cl\/sitio\/wp-content\/uploads\/2022\/07\/2a86b343-9269-45ce-9b43-54dba0128ff1-150x150.jpg 150w, https:\/\/gamen.cl\/sitio\/wp-content\/uploads\/2022\/07\/2a86b343-9269-45ce-9b43-54dba0128ff1-300x300.jpg 300w, https:\/\/gamen.cl\/sitio\/wp-content\/uploads\/2022\/07\/2a86b343-9269-45ce-9b43-54dba0128ff1-1024x1024.jpg 1024w\" sizes=\"auto, (max-width: 150px) 100vw, 150px\" \/><\/a>\n\t\t\t<\/dt>\n\t\t\t\t<dd class='wp-caption-text gallery-caption' id='gallery-1-252'>\n\t\t\t\tCorte L\u00e1ser \n\t\t\t\t<\/dd><\/dl><br style=\"clear: both\" \/><dl class='gallery-item'>\n\t\t\t<dt class='gallery-icon landscape'>\n\t\t\t\t<a href='https:\/\/gamen.cl\/sitio\/corte-y-plegado\/20170930_174718-copiar\/'><img loading=\"lazy\" decoding=\"async\" width=\"150\" height=\"150\" src=\"https:\/\/gamen.cl\/sitio\/wp-content\/uploads\/2018\/09\/20170930_174718-Copiar-150x150.jpg\" class=\"attachment-thumbnail size-thumbnail\" alt=\"\" aria-describedby=\"gallery-1-90\" srcset=\"https:\/\/gamen.cl\/sitio\/wp-content\/uploads\/2018\/09\/20170930_174718-Copiar-150x150.jpg 150w, https:\/\/gamen.cl\/sitio\/wp-content\/uploads\/2018\/09\/20170930_174718-Copiar-300x300.jpg 300w, https:\/\/gamen.cl\/sitio\/wp-content\/uploads\/2018\/09\/20170930_174718-Copiar-1024x1024.jpg 1024w\" sizes=\"auto, (max-width: 150px) 100vw, 150px\" \/><\/a>\n\t\t\t<\/dt>\n\t\t\t\t<dd class='wp-caption-text gallery-caption' id='gallery-1-90'>\n\t\t\t\tPlegado\n\t\t\t\t<\/dd><\/dl><dl class='gallery-item'>\n\t\t\t<dt class='gallery-icon landscape'>\n\t\t\t\t<a href='https:\/\/gamen.cl\/sitio\/corte-y-plegado\/dsc04736-copiar\/'><img loading=\"lazy\" decoding=\"async\" width=\"150\" height=\"150\" src=\"https:\/\/gamen.cl\/sitio\/wp-content\/uploads\/2018\/09\/DSC04736-Copiar-150x150.jpg\" class=\"attachment-thumbnail size-thumbnail\" alt=\"\" srcset=\"https:\/\/gamen.cl\/sitio\/wp-content\/uploads\/2018\/09\/DSC04736-Copiar-150x150.jpg 150w, https:\/\/gamen.cl\/sitio\/wp-content\/uploads\/2018\/09\/DSC04736-Copiar-300x300.jpg 300w, https:\/\/gamen.cl\/sitio\/wp-content\/uploads\/2018\/09\/DSC04736-Copiar-1024x1024.jpg 1024w\" sizes=\"auto, (max-width: 150px) 100vw, 150px\" \/><\/a>\n\t\t\t<\/dt><\/dl><dl class='gallery-item'>\n\t\t\t<dt class='gallery-icon landscape'>\n\t\t\t\t<a href='https:\/\/gamen.cl\/sitio\/corte-y-plegado\/dsc04742-copiar\/'><img loading=\"lazy\" decoding=\"async\" width=\"150\" height=\"150\" src=\"https:\/\/gamen.cl\/sitio\/wp-content\/uploads\/2018\/09\/DSC04742-Copiar-150x150.jpg\" class=\"attachment-thumbnail size-thumbnail\" alt=\"\" srcset=\"https:\/\/gamen.cl\/sitio\/wp-content\/uploads\/2018\/09\/DSC04742-Copiar-150x150.jpg 150w, https:\/\/gamen.cl\/sitio\/wp-content\/uploads\/2018\/09\/DSC04742-Copiar-300x300.jpg 300w, https:\/\/gamen.cl\/sitio\/wp-content\/uploads\/2018\/09\/DSC04742-Copiar-1024x1024.jpg 1024w\" sizes=\"auto, (max-width: 150px) 100vw, 150px\" \/><\/a>\n\t\t\t<\/dt><\/dl><br style=\"clear: both\" \/><dl class='gallery-item'>\n\t\t\t<dt class='gallery-icon landscape'>\n\t\t\t\t<a href='https:\/\/gamen.cl\/sitio\/corte-y-plegado\/dsc04909-copiar\/'><img loading=\"lazy\" decoding=\"async\" width=\"150\" height=\"150\" src=\"https:\/\/gamen.cl\/sitio\/wp-content\/uploads\/2018\/09\/DSC04909-Copiar-150x150.jpg\" class=\"attachment-thumbnail size-thumbnail\" alt=\"\" srcset=\"https:\/\/gamen.cl\/sitio\/wp-content\/uploads\/2018\/09\/DSC04909-Copiar-150x150.jpg 150w, https:\/\/gamen.cl\/sitio\/wp-content\/uploads\/2018\/09\/DSC04909-Copiar-300x300.jpg 300w, https:\/\/gamen.cl\/sitio\/wp-content\/uploads\/2018\/09\/DSC04909-Copiar-1024x1024.jpg 1024w\" sizes=\"auto, (max-width: 150px) 100vw, 150px\" \/><\/a>\n\t\t\t<\/dt><\/dl><dl class='gallery-item'>\n\t\t\t<dt class='gallery-icon landscape'>\n\t\t\t\t<a href='https:\/\/gamen.cl\/sitio\/corte-y-plegado\/dsc04912-copiar\/'><img loading=\"lazy\" decoding=\"async\" width=\"150\" height=\"150\" src=\"https:\/\/gamen.cl\/sitio\/wp-content\/uploads\/2018\/09\/DSC04912-Copiar-150x150.jpg\" class=\"attachment-thumbnail size-thumbnail\" alt=\"\" srcset=\"https:\/\/gamen.cl\/sitio\/wp-content\/uploads\/2018\/09\/DSC04912-Copiar-150x150.jpg 150w, https:\/\/gamen.cl\/sitio\/wp-content\/uploads\/2018\/09\/DSC04912-Copiar-300x300.jpg 300w, https:\/\/gamen.cl\/sitio\/wp-content\/uploads\/2018\/09\/DSC04912-Copiar-1024x1024.jpg 1024w\" sizes=\"auto, (max-width: 150px) 100vw, 150px\" \/><\/a>\n\t\t\t<\/dt><\/dl>\n\t\t\t<br style='clear: both' \/>\n\t\t<\/div>\n\n","protected":false},"excerpt":{"rendered":"<p>GAMEN LIMITADA tambi\u00e9n presta servicios metalmec\u00e1nicos de corte y plegado de planchas met\u00e1licas de hasta 10 mm de espesor, corte computarizado CNC , Corte l\u00e1ser CNC y cilindrado de planchas met\u00e1licas y macizos. &nbsp; &nbsp;<\/p>\n","protected":false},"author":1,"featured_media":0,"parent":0,"menu_order":0,"comment_status":"closed","ping_status":"closed","template":"","meta":{"footnotes":""},"class_list":["post-60","page","type-page","status-publish","hentry"],"_links":{"self":[{"href":"https:\/\/gamen.cl\/sitio\/wp-json\/wp\/v2\/pages\/60","targetHints":{"allow":["GET"]}}],"collection":[{"href":"https:\/\/gamen.cl\/sitio\/wp-json\/wp\/v2\/pages"}],"about":[{"href":"https:\/\/gamen.cl\/sitio\/wp-json\/wp\/v2\/types\/page"}],"author":[{"embeddable":true,"href":"https:\/\/gamen.cl\/sitio\/wp-json\/wp\/v2\/users\/1"}],"replies":[{"embeddable":true,"href":"https:\/\/gamen.cl\/sitio\/wp-json\/wp\/v2\/comments?post=60"}],"version-history":[{"count":11,"href":"https:\/\/gamen.cl\/sitio\/wp-json\/wp\/v2\/pages\/60\/revisions"}],"predecessor-version":[{"id":257,"href":"https:\/\/gamen.cl\/sitio\/wp-json\/wp\/v2\/pages\/60\/revisions\/257"}],"wp:attachment":[{"href":"https:\/\/gamen.cl\/sitio\/wp-json\/wp\/v2\/media?parent=60"}],"curies":[{"name":"wp","href":"https:\/\/api.w.org\/{rel}","templated":true}]}}