{"id":7,"date":"2018-09-22T11:50:46","date_gmt":"2018-09-22T14:50:46","guid":{"rendered":"http:\/\/gamen.cl\/sitio\/?page_id=7"},"modified":"2024-08-19T11:10:55","modified_gmt":"2024-08-19T14:10:55","slug":"nosotros","status":"publish","type":"page","link":"https:\/\/gamen.cl\/sitio\/nosotros\/","title":{"rendered":"Nosotros"},"content":{"rendered":"<p><img loading=\"lazy\" decoding=\"async\" class=\"wp-image-250 size-medium aligncenter\" src=\"http:\/\/gamen.cl\/sitio\/wp-content\/uploads\/2022\/07\/Imagen3-300x300.jpg\" alt=\"\" width=\"300\" height=\"300\" srcset=\"https:\/\/gamen.cl\/sitio\/wp-content\/uploads\/2022\/07\/Imagen3-300x300.jpg 300w, https:\/\/gamen.cl\/sitio\/wp-content\/uploads\/2022\/07\/Imagen3-150x150.jpg 150w, https:\/\/gamen.cl\/sitio\/wp-content\/uploads\/2022\/07\/Imagen3-1024x1024.jpg 1024w\" sizes=\"auto, (max-width: 300px) 100vw, 300px\" \/><\/p>\n<p><strong>GAMEN INGENIERIA Y PROYECTOS INDUSTRIALES LIMITADA, <\/strong>es una empresa de responsabilidad , creada en Diciembre de 2022, y tiene actualmente sus instalaciones en la ciudad de Curic\u00f3. Su direcci\u00f3n es Calle Felipe Cubillos N\u00b01441,parque Industrial.<\/p>\n<p>Cuenta con un cuerpo t\u00e9cnico profesional y capacitado encargado de realizar los servicios solicitados; se encuentran comprometidos en la fabricaci\u00f3n (elaboraci\u00f3n, ejecuci\u00f3n) del servicio brindando calidad y una entrega \u00f3ptima a los clientes,de manera tal que a trav\u00e9s del tiempo la empresa se ha distinguido por su seriedad, calidad y responsabilidad, logrando tener permanencia y presencia en el mercado.<\/p>\n<p><strong>Misi\u00f3n Empresarial <\/strong><\/p>\n<p>Somos una empresa comprometida, de excelencia y calidad que ofrece servicios industriales; con un cuerpo t\u00e9cnico comprometido y capacitado, lo cual se refleja en la entrega optima de nuestros servicios a los clientes.<\/p>\n<p><strong>Visi\u00f3n Empresarial <\/strong><\/p>\n<p>Como empresa l\u00edder en la regi\u00f3n, nos enfocamos en estar siempre a la vanguardia de la industria en servicios industriales con el objetivo de cumplir con las exigencias de nuestros clientes, creando valor\u00a0 largo plazo y lograr tener presencia en Chile y en el extranjero.<\/p>\n","protected":false},"excerpt":{"rendered":"<p>GAMEN INGENIERIA Y PROYECTOS INDUSTRIALES LIMITADA, es una empresa de responsabilidad , creada en Diciembre de 2022, y tiene actualmente sus instalaciones en la ciudad de Curic\u00f3. Su direcci\u00f3n es Calle Felipe Cubillos N\u00b01441,parque Industrial. Cuenta con un cuerpo t\u00e9cnico profesional y capacitado encargado de realizar los servicios solicitados; se encuentran comprometidos en la fabricaci\u00f3n (elaboraci\u00f3n, ejecuci\u00f3n) del servicio brindando calidad y una entrega \u00f3ptima a los clientes,de manera tal que a trav\u00e9s del tiempo la empresa se ha distinguido por su seriedad, calidad y responsabilidad, logrando tener permanencia y presencia en el mercado. Misi\u00f3n Empresarial Somos una empresa comprometida, de excelencia y calidad que ofrece servicios industriales; con un cuerpo t\u00e9cnico comprometido y capacitado, lo cual se refleja en la entrega optima de nuestros servicios a los clientes. Visi\u00f3n Empresarial Como empresa l\u00edder en la regi\u00f3n, nos enfocamos en estar siempre a la vanguardia de la industria en servicios industriales con el objetivo de cumplir con las exigencias de nuestros clientes, creando valor\u00a0 largo plazo y lograr tener presencia en Chile y en el extranjero.<\/p>\n","protected":false},"author":1,"featured_media":0,"parent":0,"menu_order":0,"comment_status":"closed","ping_status":"closed","template":"","meta":{"footnotes":""},"class_list":["post-7","page","type-page","status-publish","hentry"],"_links":{"self":[{"href":"https:\/\/gamen.cl\/sitio\/wp-json\/wp\/v2\/pages\/7","targetHints":{"allow":["GET"]}}],"collection":[{"href":"https:\/\/gamen.cl\/sitio\/wp-json\/wp\/v2\/pages"}],"about":[{"href":"https:\/\/gamen.cl\/sitio\/wp-json\/wp\/v2\/types\/page"}],"author":[{"embeddable":true,"href":"https:\/\/gamen.cl\/sitio\/wp-json\/wp\/v2\/users\/1"}],"replies":[{"embeddable":true,"href":"https:\/\/gamen.cl\/sitio\/wp-json\/wp\/v2\/comments?post=7"}],"version-history":[{"count":7,"href":"https:\/\/gamen.cl\/sitio\/wp-json\/wp\/v2\/pages\/7\/revisions"}],"predecessor-version":[{"id":264,"href":"https:\/\/gamen.cl\/sitio\/wp-json\/wp\/v2\/pages\/7\/revisions\/264"}],"wp:attachment":[{"href":"https:\/\/gamen.cl\/sitio\/wp-json\/wp\/v2\/media?parent=7"}],"curies":[{"name":"wp","href":"https:\/\/api.w.org\/{rel}","templated":true}]}}